{"id":1762,"date":"2020-03-10T07:53:45","date_gmt":"2020-03-10T07:53:45","guid":{"rendered":"https:\/\/colibriwp-work.colibriwp.com\/accountant-pro\/?page_id=1762"},"modified":"2025-08-28T07:28:28","modified_gmt":"2025-08-28T07:28:28","slug":"privacy","status":"publish","type":"page","link":"https:\/\/kehitys.niinimaki-pirinen.fi\/?page_id=1762","title":{"rendered":"Rekisteri-ja tietosuojaseloste"},"content":{"rendered":"<div data-colibri-id=\"1762-c1\" class=\"style-404 style-local-1762-c1 position-relative\">\n  <!---->\n  <div data-colibri-component=\"section\" data-colibri-id=\"1762-c2\" id=\"custom\" class=\"h-section h-section-global-spacing d-flex align-items-lg-center align-items-md-center align-items-center style-1272 style-local-1762-c2 position-relative\">\n    <!---->\n    <!---->\n    <div class=\"h-section-grid-container h-section-boxed-container\">\n      <!---->\n      <div data-colibri-id=\"1762-c3\" class=\"h-row-container gutters-row-lg-2 gutters-row-md-2 gutters-row-0 gutters-row-v-lg-2 gutters-row-v-md-2 gutters-row-v-2 style-1273 style-local-1762-c3 position-relative\">\n        <!---->\n        <div class=\"h-row justify-content-lg-center justify-content-md-center justify-content-center align-items-lg-stretch align-items-md-stretch align-items-stretch gutters-col-lg-2 gutters-col-md-2 gutters-col-0 gutters-col-v-lg-2 gutters-col-v-md-2 gutters-col-v-2\">\n          <!---->\n          <div class=\"h-column h-column-container d-flex h-col-lg-auto h-col-md-auto h-col-auto style-1274-outer style-local-1762-c4-outer\">\n            <div data-colibri-id=\"1762-c4\" class=\"d-flex h-flex-basis h-column__inner h-px-lg-2 h-px-md-2 h-px-2 v-inner-lg-2 v-inner-md-2 v-inner-2 style-1274 style-local-1762-c4 position-relative\">\n              <!---->\n              <!---->\n              <div class=\"w-100 h-y-container h-column__content h-column__v-align flex-basis-100 align-self-lg-start align-self-md-start align-self-start\">\n                <!---->\n                <div data-colibri-id=\"1762-c5\" class=\"h-row-container gutters-row-lg-2 gutters-row-md-2 gutters-row-0 gutters-row-v-lg-2 gutters-row-v-md-2 gutters-row-v-2 style-1276 style-local-1762-c5 position-relative\">\n                  <!---->\n                  <div class=\"h-row justify-content-lg-center justify-content-md-center justify-content-center align-items-lg-stretch align-items-md-stretch align-items-stretch gutters-col-lg-2 gutters-col-md-2 gutters-col-0 gutters-col-v-lg-2 gutters-col-v-md-2 gutters-col-v-2\">\n                    <!---->\n                    <div class=\"h-column h-column-container d-flex h-col-lg-auto h-col-md-auto h-col-auto style-1277-outer style-local-1762-c6-outer\">\n                      <div data-colibri-id=\"1762-c6\" class=\"d-flex h-flex-basis h-column__inner h-px-lg-2 h-px-md-2 h-px-2 v-inner-lg-2 v-inner-md-2 v-inner-2 style-1277 style-local-1762-c6 position-relative\">\n                        <!---->\n                        <!---->\n                        <div class=\"w-100 h-y-container h-column__content h-column__v-align flex-basis-100 align-self-lg-center align-self-md-center align-self-center\">\n                          <!---->\n                          <div data-colibri-id=\"1762-c7\" class=\"h-text h-text-component style-1279 style-local-1762-c7 position-relative h-element\">\n                            <!---->\n                            <!---->\n                            <div class=\"\">\n                              <p>T\u00e4m\u00e4 on Tilitoimisto Niinim\u00e4ki &amp; Pirinen EU:n yleisen tietosuoja-asetuksen (GDPR) mukainen rekisteri- ja tietosuojaseloste. Laadittu 28.8.2025. Viimeisin muutos 28.8.2025.<\/p>\n                            <\/div>\n                          <\/div>\n                        <\/div>\n                      <\/div>\n                    <\/div>\n                    <div class=\"h-column h-column-container d-flex h-col-lg-auto h-col-md-auto h-col-auto style-1278-outer style-local-1762-c8-outer\">\n                      <div data-colibri-id=\"1762-c8\" class=\"d-flex h-flex-basis h-column__inner h-px-lg-2 h-px-md-2 h-px-2 v-inner-lg-2 v-inner-md-2 v-inner-2 style-1278 style-local-1762-c8 position-relative\">\n                        <!---->\n                        <!---->\n                        <div class=\"w-100 h-y-container h-column__content h-column__v-align flex-basis-100 align-self-lg-start align-self-md-start align-self-start\">\n                          <!---->\n                          <div data-colibri-id=\"1762-c9\" class=\"d-block style-1280 style-local-1762-c9 position-relative h-element\">\n                            <!---->\n                            <div class=\"h-image__frame-container-outer\">\n                              <div class=\"h-image__frame-container\">\n                                <!---->\n                                <!---->\n                                <img decoding=\"async\" width=\"588\" height=\"417\" data-src=\"https:\/\/kehitys.niinimaki-pirinen.fi\/wp-content\/uploads\/2025\/08\/cropped-gdpr.jpg1_.webp\" class=\"wp-image-4478 style-1280-image style-local-1762-c9-image lazyload\" alt=\"\" data-srcset=\"https:\/\/kehitys.niinimaki-pirinen.fi\/wp-content\/uploads\/2025\/08\/cropped-gdpr.jpg1_.webp 588w, https:\/\/kehitys.niinimaki-pirinen.fi\/wp-content\/uploads\/2025\/08\/cropped-gdpr.jpg1_-300x213.webp 300w\" data-sizes=\"(max-width: 588px) 100vw, 588px\" src=\"data:image\/svg+xml;base64,PHN2ZyB3aWR0aD0iMSIgaGVpZ2h0PSIxIiB4bWxucz0iaHR0cDovL3d3dy53My5vcmcvMjAwMC9zdmciPjwvc3ZnPg==\" style=\"--smush-placeholder-width: 588px; --smush-placeholder-aspect-ratio: 588\/417;\" \/>\n                                <div class=\"h-image__frame h-hide-lg h-hide-md h-hide-sm style-1280-frameImage style-local-1762-c9-frameImage\"><\/div>\n                              <\/div>\n                            <\/div>\n                          <\/div>\n                        <\/div>\n                      <\/div>\n                    <\/div>\n                  <\/div>\n                <\/div>\n                <div data-colibri-id=\"1762-c10\" class=\"h-text h-text-component style-1275 style-local-1762-c10 position-relative h-element\">\n                  <!---->\n                  <!---->\n                  <div class=\"\">\n                    <p><strong style=\"font-weight: 700;\">1. Rekisterinpit\u00e4j\u00e4<\/strong><\/p>\n                    <p><span style=\"color: rgb(56, 66, 89); font-family: Lato; font-size: 16px; font-weight: 300;\">Tilitoimisto Niinim\u00e4ki &amp; Pirinen<\/span>\n                      <br>Kirkkokatu 14 B 53100 Lappeenranta<\/p>\n                    <p><strong style=\"font-weight: 700;\">2. Rekisterist\u00e4 vastaava yhteyshenkil\u00f6<\/strong><\/p>\n                    <p>Timo Niinim\u00e4ki\n                      <br>05 5419 213\n                      <br>timo.niinimaki@niinimaki-pirinen.fi<\/p>\n                    <p><strong style=\"font-weight: 700;\">3. Rekisterin nimi<\/strong><\/p>\n                    <p>Yrityksen kotisivujen lomakkeiden tietorekisteri.<\/p>\n                    <p><strong style=\"font-weight: 700;\">4. Oikeusperuste ja henkil\u00f6tietojen k\u00e4sittelyn tarkoitus<\/strong><\/p>\n                    <p>EU:n yleisen tietosuoja-asetuksen mukainen oikeusperuste henkil\u00f6tietojen k\u00e4sittelylle on henkil\u00f6n suostumus ja rekisterinpit\u00e4j\u00e4n oikeutettu etu. Henkil\u00f6tietojen k\u00e4sittelyn tarkoitus on yhteydenpito asiakkaisiin, kotisivulomakkeiden\n                      tietojen k\u00e4ytt\u00e4minen asiakkaan pyynt\u00f6jen toteuttamiseen, sek\u00e4 palvelun kehitt\u00e4minen ja asiakassuhteen yll\u00e4pito. Tietoja ei k\u00e4ytet\u00e4 automatisoituun p\u00e4\u00e4t\u00f6ksentekoon tai profilointiin.<\/p>\n                    <p><strong style=\"font-weight: 700;\">5. Rekisterin tietosis\u00e4lt\u00f6<\/strong><\/p>\n                    <p>Rekisteriin tallennettavia tietoja ovat: henkil\u00f6n nimi, asema, yritys\/organisaatio, yhteystiedot, www-sivustojen osoitteet, verkkoyhteyden IP-osoite, tiedot tilatuista palveluista ja niiden muutoksista, laskutustiedot, muut asiakassuhteeseen\n                      ja tilattuihin palveluihin liittyv\u00e4t tiedot, sek\u00e4 kaikki muut lomakkeillemme t\u00e4ytetty tieto.<\/p>\n                    <p>Lomakkeilta ker\u00e4tty data poistetaan tietokannasta automaattisesti 360 p\u00e4iv\u00e4n kuluttua tiedon lis\u00e4\u00e4misest\u00e4.<\/p>\n                    <p><strong style=\"font-weight: 700;\">6. S\u00e4\u00e4nn\u00f6nmukaiset tietol\u00e4hteet<\/strong><\/p>\n                    <p>Rekisteriin tallennettavat tiedot saadaan asiakkaalta www-lomakkeilla l\u00e4hetetyist\u00e4 viesteist\u00e4, s\u00e4hk\u00f6postitse, puhelimitse, sosiaalisen median palvelujen kautta, sopimuksista, asiakastapaamisista ja muista tilanteista, joissa asiakas\n                      luovuttaa tietojaan. Yritysten ja muiden organisaatioiden yhteyshenkil\u00f6iden tietoja voidaan ker\u00e4t\u00e4 my\u00f6s julkisista l\u00e4hteist\u00e4 kuten verkkosivuilta, hakemistopalveluista ja muilta yrityksilt\u00e4.<\/p>\n                    <p>7. Tietojen s\u00e4\u00e4nn\u00f6nmukaiset luovutukset ja tietojen siirto EU:n tai ETA:n ulkopuolelle<\/p>\n                    <p>Tietoja ei luovuteta s\u00e4\u00e4nn\u00f6nmukaisesti muille tahoille. Tietoja voidaan julkaista silt\u00e4 osin kuin niin on sovittu asiakkaan kanssa.<\/p>\n                    <p><strong style=\"font-weight: 700;\">8. Rekisterin suojauksen periaatteet<\/strong><\/p>\n                    <p>S\u00e4hk\u00f6isesti k\u00e4sitelt\u00e4v\u00e4t rekisterin sis\u00e4lt\u00e4m\u00e4t tiedot ovat palomuurein, salasanoin ja muiden tietoturvan toimialalla yleisesti hyv\u00e4ksytt\u00e4vin teknisin keinoin suojattuja. Ainoastaan yksil\u00f6idyill\u00e4 rekisterinpit\u00e4j\u00e4n ja sen toimeksiannosta\n                      ja lukuun toimivien yritysten ty\u00f6ntekij\u00f6ill\u00e4 on p\u00e4\u00e4sy rekisterin sis\u00e4lt\u00e4miin tietoihin rekisterinpit\u00e4j\u00e4n my\u00f6nt\u00e4m\u00e4ll\u00e4 k\u00e4ytt\u00f6oikeudella.<\/p>\n                    <p>Rekisterin k\u00e4sittelyss\u00e4 noudatetaan huolellisuutta ja tietoj\u00e4rjestelmien avulla k\u00e4sitelt\u00e4v\u00e4t tiedot suojataan asianmukaisesti. Kun rekisteritietoja s\u00e4ilytet\u00e4\u00e4n Internet-palvelimilla, niiden laitteiston fyysisest\u00e4 ja digitaalisesta\n                      tietoturvasta huolehditaan asiaankuuluvasti. Rekisterinpit\u00e4j\u00e4 huolehtii siit\u00e4, ett\u00e4 tallennettuja tietoja sek\u00e4 palvelimien k\u00e4ytt\u00f6oikeuksia ja muita henkil\u00f6tietojen turvallisuuden kannalta kriittisi\u00e4 tietoja k\u00e4sitell\u00e4\u00e4n luottamuksellisesti\n                      ja vain niiden ty\u00f6ntekij\u00f6iden toimesta, joiden ty\u00f6nkuvaan se kuuluu. Kotisivupalvelimien tietoturvasta vastaa Altivo Oy.<\/p>\n                    <p><strong style=\"font-weight: 700;\">9. Tarkastusoikeus ja oikeus vaatia tiedon korjaamista<\/strong><\/p>\n                    <p>Jokaisella rekisteriss\u00e4 olevalla henkil\u00f6ll\u00e4 on oikeus tarkistaa rekisteriin tallennetut tietonsa ja vaatia mahdollisen virheellisen tiedon korjaamista tai puutteellisen tiedon t\u00e4ydent\u00e4mist\u00e4. Mik\u00e4li henkil\u00f6 haluaa tarkistaa h\u00e4nest\u00e4\n                      tallennetut tiedot tai vaatia niihin oikaisua, pyynt\u00f6 tulee l\u00e4hett\u00e4\u00e4 kirjallisesti tai s\u00e4hk\u00f6postitse rekisterinpit\u00e4j\u00e4lle. Rekisterinpit\u00e4j\u00e4 voi pyyt\u00e4\u00e4 tarvittaessa pyynn\u00f6n esitt\u00e4j\u00e4\u00e4 todistamaan henkil\u00f6llisyytens\u00e4.<\/p>\n                    <p>Rekisterinpit\u00e4j\u00e4 vastaa asiakkaalle EU:n tietosuoja-asetuksessa s\u00e4\u00e4detyss\u00e4 ajassa, p\u00e4\u00e4s\u00e4\u00e4nt\u00f6isesti kuukauden kuluessa.<\/p>\n                    <p><strong style=\"font-weight: 700;\">10. Muut henkil\u00f6tietojen k\u00e4sittelyyn liittyv\u00e4t oikeudet<\/strong><\/p>\n                    <p>Rekisteriss\u00e4 olevalla henkil\u00f6ll\u00e4 on oikeus pyyt\u00e4\u00e4 h\u00e4nt\u00e4 koskevien henkil\u00f6tietojen poistamiseen rekisterist\u00e4 (\u201doikeus tulla unohdetuksi\u201d). Niin ik\u00e4\u00e4n rekister\u00f6idyill\u00e4 on muut EU:n yleisen tietosuoja-asetuksen mukaiset oikeudet kuten\n                      henkil\u00f6tietojen k\u00e4sittelyn rajoittaminen tietyiss\u00e4 tilanteissa. Pyynn\u00f6t tulee l\u00e4hett\u00e4\u00e4 kirjallisesti tai s\u00e4hk\u00f6postitse rekisterinpit\u00e4j\u00e4lle. Rekisterinpit\u00e4j\u00e4 voi pyyt\u00e4\u00e4 tarvittaessa pyynn\u00f6n esitt\u00e4j\u00e4\u00e4 todistamaan henkil\u00f6llisyytens\u00e4.\n                      Rekisterinpit\u00e4j\u00e4 vastaa asiakkaalle EU:n tietosuoja-asetuksessa s\u00e4\u00e4detyss\u00e4 ajassa, p\u00e4\u00e4s\u00e4\u00e4nt\u00f6isesti kuukauden kuluessa.<\/p>\n                    <p><strong style=\"font-weight: 700;\">11. Ev\u00e4stek\u00e4yt\u00e4nt\u00f6<\/strong><\/p>\n                    <p>Verkkosivuston vierailijoiden IP-osoitteita ja palvelun toiminnoille v\u00e4ltt\u00e4m\u00e4tt\u00f6mi\u00e4 ev\u00e4steit\u00e4 k\u00e4sitell\u00e4\u00e4n oikeutetun edun perusteella mm. tietoturvasta huolehtimiseksi ja sivuston vierailijoiden tilastotietojen keruuta varten niiss\u00e4\n                      tapauksissa, kun niiden voidaan katsoa olevan henkil\u00f6tietoja. Kolmansien osapuolten ev\u00e4steille pyydet\u00e4\u00e4n suostumus erikseen.<\/p>\n                    <p>Hy\u00f6dynn\u00e4mme Google Analyticsia, Google Tag Manageria, Google AdWordsia, Google Display Networkia sivustomme k\u00e4ytt\u00f6\u00f6n, lomakkeiden l\u00e4hett\u00e4miseen ja tukipalvelupyynt\u00f6ihin liittyv\u00e4ss\u00e4 analytiikassa ja suostumuksellasi my\u00f6s markkinoinnin\n                      kohdentamisessa. Googlelle l\u00e4hetett\u00e4v\u00e4 tieto on anonymisoitua. Lue lis\u00e4\u00e4 Google Analyticsin tietojen k\u00e4sittelyst\u00e4.<\/p>\n                    <p>Markkinoinnin kohdentamiseen ja k\u00e4ytt\u00e4j\u00e4tietojen seurantaan k\u00e4ytetyist\u00e4 tunnisteista voi kielt\u00e4yty\u00e4 hylk\u00e4\u00e4m\u00e4\u00e4n kolmannen osapuolen ev\u00e4steet ev\u00e4stehyv\u00e4ksynn\u00e4st\u00e4. K\u00e4ytt\u00e4m\u00e4mme seuranta kohdentaa k\u00e4ytt\u00e4j\u00e4n ainoastaan IP-osoitteen perusteella.\n                      IP-osoitetta ja siihen liittyv\u00e4\u00e4 analytiikkaa ei koskaan yhdistet\u00e4 muihin rekistereihin k\u00e4ytt\u00e4j\u00e4n tunnistamiseksi.<\/p>\n                  <\/div>\n                <\/div>\n              <\/div>\n            <\/div>\n          <\/div>\n        <\/div>\n      <\/div>\n    <\/div>\n  <\/div>\n<\/div>","protected":false},"excerpt":{"rendered":"<p>T\u00e4m\u00e4 on Tilitoimisto Niinim\u00e4ki &amp; Pirinen EU:n yleisen tietosuoja-asetuksen (GDPR) mukainen rekisteri- ja tietosuojaseloste. Laadittu 28.8.2025. Viimeisin muutos 28.8.2025. 1. Rekisterinpit\u00e4j\u00e4 Tilitoimisto Niinim\u00e4ki &amp; Pirinen Kirkkokatu 14 B 53100 Lappeenranta 2. Rekisterist\u00e4 vastaava yhteyshenkil\u00f6 Timo Niinim\u00e4ki 05 5419 213 timo.niinimaki@niinimaki-pirinen.fi 3. Rekisterin nimi Yrityksen kotisivujen lomakkeiden tietorekisteri. 4. Oikeusperuste ja henkil\u00f6tietojen k\u00e4sittelyn tarkoitus EU:n yleisen [&hellip;]<\/p>\n","protected":false},"author":1,"featured_media":0,"parent":0,"menu_order":0,"comment_status":"closed","ping_status":"closed","template":"page-templates\/full-width-page.php","meta":{"footnotes":""},"class_list":["post-1762","page","type-page","status-publish","hentry"],"yoast_head":"<!-- This site is optimized with the Yoast SEO plugin v27.5 - https:\/\/yoast.com\/product\/yoast-seo-wordpress\/ -->\n<title>Rekisteri-ja tietosuojaseloste - Niinim\u00e4ki &amp; Pirinen<\/title>\n<meta name=\"robots\" content=\"noindex, follow, max-snippet:-1, max-image-preview:large, max-video-preview:-1\" \/>\n<meta property=\"og:locale\" content=\"fi_FI\" \/>\n<meta property=\"og:type\" content=\"article\" \/>\n<meta property=\"og:title\" content=\"Rekisteri-ja tietosuojaseloste - Niinim\u00e4ki &amp; Pirinen\" \/>\n<meta property=\"og:description\" content=\"T\u00e4m\u00e4 on Tilitoimisto Niinim\u00e4ki &amp; Pirinen EU:n yleisen tietosuoja-asetuksen (GDPR) mukainen rekisteri- ja tietosuojaseloste. Laadittu 28.8.2025. Viimeisin muutos 28.8.2025. 1. Rekisterinpit\u00e4j\u00e4 Tilitoimisto Niinim\u00e4ki &amp; Pirinen Kirkkokatu 14 B 53100 Lappeenranta 2. Rekisterist\u00e4 vastaava yhteyshenkil\u00f6 Timo Niinim\u00e4ki 05 5419 213 timo.niinimaki@niinimaki-pirinen.fi 3. Rekisterin nimi Yrityksen kotisivujen lomakkeiden tietorekisteri. 4. Oikeusperuste ja henkil\u00f6tietojen k\u00e4sittelyn tarkoitus EU:n yleisen [&hellip;]\" \/>\n<meta property=\"og:url\" content=\"https:\/\/kehitys.niinimaki-pirinen.fi\/?page_id=1762\" \/>\n<meta property=\"og:site_name\" content=\"Niinim\u00e4ki &amp; Pirinen\" \/>\n<meta property=\"article:modified_time\" content=\"2025-08-28T07:28:28+00:00\" \/>\n<meta property=\"og:image\" content=\"https:\/\/kehitys.niinimaki-pirinen.fi\/wp-content\/uploads\/2025\/08\/cropped-gdpr.jpg1_.webp\" \/>\n\t<meta property=\"og:image:width\" content=\"588\" \/>\n\t<meta property=\"og:image:height\" content=\"417\" \/>\n\t<meta property=\"og:image:type\" content=\"image\/webp\" \/>\n<meta name=\"twitter:card\" content=\"summary_large_image\" \/>\n<meta name=\"twitter:label1\" content=\"Arvioitu lukuaika\" \/>\n\t<meta name=\"twitter:data1\" content=\"4 minuuttia\" \/>\n<script type=\"application\/ld+json\" class=\"yoast-schema-graph\">{\"@context\":\"https:\\\/\\\/schema.org\",\"@graph\":[{\"@type\":\"WebPage\",\"@id\":\"https:\\\/\\\/kehitys.niinimaki-pirinen.fi\\\/?page_id=1762\",\"url\":\"https:\\\/\\\/kehitys.niinimaki-pirinen.fi\\\/?page_id=1762\",\"name\":\"Rekisteri-ja tietosuojaseloste - Niinim\u00e4ki &amp; Pirinen\",\"isPartOf\":{\"@id\":\"https:\\\/\\\/kehitys.niinimaki-pirinen.fi\\\/#website\"},\"primaryImageOfPage\":{\"@id\":\"https:\\\/\\\/kehitys.niinimaki-pirinen.fi\\\/?page_id=1762#primaryimage\"},\"image\":{\"@id\":\"https:\\\/\\\/kehitys.niinimaki-pirinen.fi\\\/?page_id=1762#primaryimage\"},\"thumbnailUrl\":\"https:\\\/\\\/kehitys.niinimaki-pirinen.fi\\\/wp-content\\\/uploads\\\/2025\\\/08\\\/cropped-gdpr.jpg1_.webp\",\"datePublished\":\"2020-03-10T07:53:45+00:00\",\"dateModified\":\"2025-08-28T07:28:28+00:00\",\"breadcrumb\":{\"@id\":\"https:\\\/\\\/kehitys.niinimaki-pirinen.fi\\\/?page_id=1762#breadcrumb\"},\"inLanguage\":\"fi\",\"potentialAction\":[{\"@type\":\"ReadAction\",\"target\":[\"https:\\\/\\\/kehitys.niinimaki-pirinen.fi\\\/?page_id=1762\"]}]},{\"@type\":\"ImageObject\",\"inLanguage\":\"fi\",\"@id\":\"https:\\\/\\\/kehitys.niinimaki-pirinen.fi\\\/?page_id=1762#primaryimage\",\"url\":\"https:\\\/\\\/kehitys.niinimaki-pirinen.fi\\\/wp-content\\\/uploads\\\/2025\\\/08\\\/cropped-gdpr.jpg1_.webp\",\"contentUrl\":\"https:\\\/\\\/kehitys.niinimaki-pirinen.fi\\\/wp-content\\\/uploads\\\/2025\\\/08\\\/cropped-gdpr.jpg1_.webp\",\"width\":588,\"height\":417},{\"@type\":\"BreadcrumbList\",\"@id\":\"https:\\\/\\\/kehitys.niinimaki-pirinen.fi\\\/?page_id=1762#breadcrumb\",\"itemListElement\":[{\"@type\":\"ListItem\",\"position\":1,\"name\":\"Etusivu\",\"item\":\"https:\\\/\\\/kehitys.niinimaki-pirinen.fi\\\/\"},{\"@type\":\"ListItem\",\"position\":2,\"name\":\"Rekisteri-ja tietosuojaseloste\"}]},{\"@type\":\"WebSite\",\"@id\":\"https:\\\/\\\/kehitys.niinimaki-pirinen.fi\\\/#website\",\"url\":\"https:\\\/\\\/kehitys.niinimaki-pirinen.fi\\\/\",\"name\":\"Niinim\u00e4ki &amp; Pirinen\",\"description\":\"\",\"publisher\":{\"@id\":\"https:\\\/\\\/kehitys.niinimaki-pirinen.fi\\\/#organization\"},\"potentialAction\":[{\"@type\":\"SearchAction\",\"target\":{\"@type\":\"EntryPoint\",\"urlTemplate\":\"https:\\\/\\\/kehitys.niinimaki-pirinen.fi\\\/?s={search_term_string}\"},\"query-input\":{\"@type\":\"PropertyValueSpecification\",\"valueRequired\":true,\"valueName\":\"search_term_string\"}}],\"inLanguage\":\"fi\"},{\"@type\":\"Organization\",\"@id\":\"https:\\\/\\\/kehitys.niinimaki-pirinen.fi\\\/#organization\",\"name\":\"Niinim\u00e4ki &amp; Pirinen\",\"url\":\"https:\\\/\\\/kehitys.niinimaki-pirinen.fi\\\/\",\"logo\":{\"@type\":\"ImageObject\",\"inLanguage\":\"fi\",\"@id\":\"https:\\\/\\\/kehitys.niinimaki-pirinen.fi\\\/#\\\/schema\\\/logo\\\/image\\\/\",\"url\":\"https:\\\/\\\/kehitys.niinimaki-pirinen.fi\\\/wp-content\\\/uploads\\\/2025\\\/08\\\/cropped-Niinimaki-logo.png\",\"contentUrl\":\"https:\\\/\\\/kehitys.niinimaki-pirinen.fi\\\/wp-content\\\/uploads\\\/2025\\\/08\\\/cropped-Niinimaki-logo.png\",\"width\":471,\"height\":66,\"caption\":\"Niinim\u00e4ki &amp; Pirinen\"},\"image\":{\"@id\":\"https:\\\/\\\/kehitys.niinimaki-pirinen.fi\\\/#\\\/schema\\\/logo\\\/image\\\/\"}}]}<\/script>\n<!-- \/ Yoast SEO plugin. -->","yoast_head_json":{"title":"Rekisteri-ja tietosuojaseloste - Niinim\u00e4ki &amp; Pirinen","robots":{"index":"noindex","follow":"follow","max-snippet":"max-snippet:-1","max-image-preview":"max-image-preview:large","max-video-preview":"max-video-preview:-1"},"og_locale":"fi_FI","og_type":"article","og_title":"Rekisteri-ja tietosuojaseloste - Niinim\u00e4ki &amp; Pirinen","og_description":"T\u00e4m\u00e4 on Tilitoimisto Niinim\u00e4ki &amp; Pirinen EU:n yleisen tietosuoja-asetuksen (GDPR) mukainen rekisteri- ja tietosuojaseloste. Laadittu 28.8.2025. Viimeisin muutos 28.8.2025. 1. Rekisterinpit\u00e4j\u00e4 Tilitoimisto Niinim\u00e4ki &amp; Pirinen Kirkkokatu 14 B 53100 Lappeenranta 2. Rekisterist\u00e4 vastaava yhteyshenkil\u00f6 Timo Niinim\u00e4ki 05 5419 213 timo.niinimaki@niinimaki-pirinen.fi 3. Rekisterin nimi Yrityksen kotisivujen lomakkeiden tietorekisteri. 4. Oikeusperuste ja henkil\u00f6tietojen k\u00e4sittelyn tarkoitus EU:n yleisen [&hellip;]","og_url":"https:\/\/kehitys.niinimaki-pirinen.fi\/?page_id=1762","og_site_name":"Niinim\u00e4ki &amp; Pirinen","article_modified_time":"2025-08-28T07:28:28+00:00","og_image":[{"width":588,"height":417,"url":"https:\/\/kehitys.niinimaki-pirinen.fi\/wp-content\/uploads\/2025\/08\/cropped-gdpr.jpg1_.webp","type":"image\/webp"}],"twitter_card":"summary_large_image","twitter_misc":{"Arvioitu lukuaika":"4 minuuttia"},"schema":{"@context":"https:\/\/schema.org","@graph":[{"@type":"WebPage","@id":"https:\/\/kehitys.niinimaki-pirinen.fi\/?page_id=1762","url":"https:\/\/kehitys.niinimaki-pirinen.fi\/?page_id=1762","name":"Rekisteri-ja tietosuojaseloste - Niinim\u00e4ki &amp; Pirinen","isPartOf":{"@id":"https:\/\/kehitys.niinimaki-pirinen.fi\/#website"},"primaryImageOfPage":{"@id":"https:\/\/kehitys.niinimaki-pirinen.fi\/?page_id=1762#primaryimage"},"image":{"@id":"https:\/\/kehitys.niinimaki-pirinen.fi\/?page_id=1762#primaryimage"},"thumbnailUrl":"https:\/\/kehitys.niinimaki-pirinen.fi\/wp-content\/uploads\/2025\/08\/cropped-gdpr.jpg1_.webp","datePublished":"2020-03-10T07:53:45+00:00","dateModified":"2025-08-28T07:28:28+00:00","breadcrumb":{"@id":"https:\/\/kehitys.niinimaki-pirinen.fi\/?page_id=1762#breadcrumb"},"inLanguage":"fi","potentialAction":[{"@type":"ReadAction","target":["https:\/\/kehitys.niinimaki-pirinen.fi\/?page_id=1762"]}]},{"@type":"ImageObject","inLanguage":"fi","@id":"https:\/\/kehitys.niinimaki-pirinen.fi\/?page_id=1762#primaryimage","url":"https:\/\/kehitys.niinimaki-pirinen.fi\/wp-content\/uploads\/2025\/08\/cropped-gdpr.jpg1_.webp","contentUrl":"https:\/\/kehitys.niinimaki-pirinen.fi\/wp-content\/uploads\/2025\/08\/cropped-gdpr.jpg1_.webp","width":588,"height":417},{"@type":"BreadcrumbList","@id":"https:\/\/kehitys.niinimaki-pirinen.fi\/?page_id=1762#breadcrumb","itemListElement":[{"@type":"ListItem","position":1,"name":"Etusivu","item":"https:\/\/kehitys.niinimaki-pirinen.fi\/"},{"@type":"ListItem","position":2,"name":"Rekisteri-ja tietosuojaseloste"}]},{"@type":"WebSite","@id":"https:\/\/kehitys.niinimaki-pirinen.fi\/#website","url":"https:\/\/kehitys.niinimaki-pirinen.fi\/","name":"Niinim\u00e4ki &amp; Pirinen","description":"","publisher":{"@id":"https:\/\/kehitys.niinimaki-pirinen.fi\/#organization"},"potentialAction":[{"@type":"SearchAction","target":{"@type":"EntryPoint","urlTemplate":"https:\/\/kehitys.niinimaki-pirinen.fi\/?s={search_term_string}"},"query-input":{"@type":"PropertyValueSpecification","valueRequired":true,"valueName":"search_term_string"}}],"inLanguage":"fi"},{"@type":"Organization","@id":"https:\/\/kehitys.niinimaki-pirinen.fi\/#organization","name":"Niinim\u00e4ki &amp; Pirinen","url":"https:\/\/kehitys.niinimaki-pirinen.fi\/","logo":{"@type":"ImageObject","inLanguage":"fi","@id":"https:\/\/kehitys.niinimaki-pirinen.fi\/#\/schema\/logo\/image\/","url":"https:\/\/kehitys.niinimaki-pirinen.fi\/wp-content\/uploads\/2025\/08\/cropped-Niinimaki-logo.png","contentUrl":"https:\/\/kehitys.niinimaki-pirinen.fi\/wp-content\/uploads\/2025\/08\/cropped-Niinimaki-logo.png","width":471,"height":66,"caption":"Niinim\u00e4ki &amp; Pirinen"},"image":{"@id":"https:\/\/kehitys.niinimaki-pirinen.fi\/#\/schema\/logo\/image\/"}}]}},"_links":{"self":[{"href":"https:\/\/kehitys.niinimaki-pirinen.fi\/index.php?rest_route=\/wp\/v2\/pages\/1762","targetHints":{"allow":["GET"]}}],"collection":[{"href":"https:\/\/kehitys.niinimaki-pirinen.fi\/index.php?rest_route=\/wp\/v2\/pages"}],"about":[{"href":"https:\/\/kehitys.niinimaki-pirinen.fi\/index.php?rest_route=\/wp\/v2\/types\/page"}],"author":[{"embeddable":true,"href":"https:\/\/kehitys.niinimaki-pirinen.fi\/index.php?rest_route=\/wp\/v2\/users\/1"}],"replies":[{"embeddable":true,"href":"https:\/\/kehitys.niinimaki-pirinen.fi\/index.php?rest_route=%2Fwp%2Fv2%2Fcomments&post=1762"}],"version-history":[{"count":6,"href":"https:\/\/kehitys.niinimaki-pirinen.fi\/index.php?rest_route=\/wp\/v2\/pages\/1762\/revisions"}],"predecessor-version":[{"id":4487,"href":"https:\/\/kehitys.niinimaki-pirinen.fi\/index.php?rest_route=\/wp\/v2\/pages\/1762\/revisions\/4487"}],"wp:attachment":[{"href":"https:\/\/kehitys.niinimaki-pirinen.fi\/index.php?rest_route=%2Fwp%2Fv2%2Fmedia&parent=1762"}],"curies":[{"name":"wp","href":"https:\/\/api.w.org\/{rel}","templated":true}]}}